{"id":49,"date":"2024-07-17T01:37:55","date_gmt":"2024-07-16T23:37:55","guid":{"rendered":"https:\/\/www.electricien91.com\/?page_id=49"},"modified":"2024-07-25T21:28:09","modified_gmt":"2024-07-25T19:28:09","slug":"mentions-legales","status":"publish","type":"page","link":"https:\/\/www.electricien91.com\/index.php\/mentions-legales\/","title":{"rendered":"MENTIONS L\u00c9GALES"},"content":{"rendered":"\t\t<div data-elementor-type=\"wp-page\" data-elementor-id=\"49\" class=\"elementor elementor-49\">\n\t\t\t\t<div class=\"elementor-element elementor-element-6dd88ad e-flex e-con-boxed e-con e-parent\" data-id=\"6dd88ad\" data-element_type=\"container\">\n\t\t\t\t\t<div class=\"e-con-inner\">\n\t\t\t\t<div class=\"elementor-element elementor-element-7931de0 elementor-widget elementor-widget-text-editor\" data-id=\"7931de0\" data-element_type=\"widget\" data-widget_type=\"text-editor.default\">\n\t\t\t\t<div class=\"elementor-widget-container\">\n\t\t\t\t\t\t\t\t\t<h3>Mentions L\u00e9gales<\/h3><p><strong>Propri\u00e9taire du site :<\/strong><br \/>MARINKOVIC Goran, \u00c9lectricien artisan<br \/>Adresse : 4 R\u00e9sidence e Bosquet 91940 LES ULIS<br \/>T\u00e9l\u00e9phone : 06 95 31 09 02<br \/>Email : goran.adl.elec@gmail.com<\/p><p><strong>H\u00e9bergement du site :<\/strong><br \/>OVH<br \/>Adresse : 2 rue Kellermann, 59100 Roubaix, France<br \/>T\u00e9l\u00e9phone : 1007<br \/>Site web : <a href=\"https:\/\/www.ovh.com\" target=\"_new\" rel=\"noreferrer\">https:\/\/www.ovh.com<\/a><\/p><p><strong>Conception et r\u00e9alisation du site :<\/strong><br \/>Marinkovic Goran<\/p><p><strong>Responsable de la publication :<\/strong><br \/>MARINKOVIC Goran<br \/>Contact : goran.adl.elec@gmail.com<\/p><p><strong>SIRET :<\/strong><br \/>50964614700017<\/p><p><strong>Conditions d&rsquo;utilisation :<\/strong><br \/>L&rsquo;utilisation de ce site est soumise aux conditions suivantes :<\/p><ul><li>Le contenu du site est fourni \u00e0 titre informatif.<\/li><li>MARINKOVIC Goran ne saurait \u00eatre tenu responsable des dommages directs ou indirects pouvant r\u00e9sulter de l&rsquo;acc\u00e8s \u00e0 ce site et de son utilisation.<\/li><\/ul><p><strong>Propri\u00e9t\u00e9 intellectuelle :<\/strong><br \/>Tous les contenus pr\u00e9sents sur ce site (textes, images, logos, etc.) sont prot\u00e9g\u00e9s par le droit de la propri\u00e9t\u00e9 intellectuelle. Toute reproduction, m\u00eame partielle, est strictement interdite sans autorisation pr\u00e9alable.<\/p><p><strong>Protection des donn\u00e9es personnelles :<\/strong><br \/>Les informations recueillies sur ce site sont destin\u00e9es exclusivement \u00e0 MARINKOVIC Goran. Elles ne seront ni vendues, ni \u00e9chang\u00e9es, ni transf\u00e9r\u00e9es \u00e0 des tiers. Conform\u00e9ment \u00e0 la loi \u00ab\u00a0Informatique et Libert\u00e9s\u00a0\u00bb, vous disposez d&rsquo;un droit d&rsquo;acc\u00e8s, de rectification et de suppression des donn\u00e9es vous concernant. Pour exercer ce droit, vous pouvez nous contacter \u00e0 l&rsquo;adresse suivante : goran.adl.elec@gmail.com.<\/p><p><strong>Cookies :<\/strong><br \/>Ce site utilise des cookies pour am\u00e9liorer l&rsquo;exp\u00e9rience utilisateur. En naviguant sur ce site, vous acceptez l&rsquo;utilisation de cookies. Vous pouvez configurer votre navigateur pour refuser les cookies.<\/p><p><strong>Litiges :<\/strong><br \/>Les pr\u00e9sentes mentions l\u00e9gales sont soumises au droit fran\u00e7ais. En cas de litige, et apr\u00e8s une tentative de recherche de solution amiable, les tribunaux fran\u00e7ais seront seuls comp\u00e9tents pour r\u00e9gler ce diff\u00e9rend.<\/p>\t\t\t\t\t\t\t\t<\/div>\n\t\t\t\t<\/div>\n\t\t\t\t\t<\/div>\n\t\t\t\t<\/div>\n\t\t\t\t<\/div>\n\t\t","protected":false},"excerpt":{"rendered":"<p>Mentions L\u00e9gales Propri\u00e9taire du site :MARINKOVIC Goran, \u00c9lectricien artisanAdresse : 4 R\u00e9sidence e Bosquet 91940 LES ULIST\u00e9l\u00e9phone : 06 95 31 09 02Email : goran.adl.elec@gmail.com H\u00e9bergement du site :OVHAdresse : 2 rue Kellermann, 59100 Roubaix, FranceT\u00e9l\u00e9phone : 1007Site web : https:\/\/www.ovh.com Conception et r\u00e9alisation du site :Marinkovic Goran Responsable de la publication :MARINKOVIC GoranContact : [&hellip;]<\/p>\n","protected":false},"author":1,"featured_media":0,"parent":0,"menu_order":0,"comment_status":"closed","ping_status":"closed","template":"","meta":{"footnotes":""},"class_list":["post-49","page","type-page","status-publish","hentry","entry"],"yoast_head":"<!-- This site is optimized with the Yoast SEO plugin v25.1 - https:\/\/yoast.com\/wordpress\/plugins\/seo\/ -->\n<title>MENTIONS L\u00c9GALES - Electricien 91<\/title>\n<meta name=\"robots\" content=\"index, follow, max-snippet:-1, max-image-preview:large, max-video-preview:-1\" \/>\n<link rel=\"canonical\" href=\"http:\/\/www.electricien91.com\/index.php\/mentions-legales\/\" \/>\n<meta property=\"og:locale\" content=\"fr_FR\" \/>\n<meta property=\"og:type\" content=\"article\" \/>\n<meta property=\"og:title\" content=\"MENTIONS L\u00c9GALES - Electricien 91\" \/>\n<meta property=\"og:description\" content=\"Mentions L\u00e9gales Propri\u00e9taire du site :MARINKOVIC Goran, \u00c9lectricien artisanAdresse : 4 R\u00e9sidence e Bosquet 91940 LES ULIST\u00e9l\u00e9phone : 06 95 31 09 02Email : goran.adl.elec@gmail.com H\u00e9bergement du site :OVHAdresse : 2 rue Kellermann, 59100 Roubaix, FranceT\u00e9l\u00e9phone : 1007Site web : https:\/\/www.ovh.com Conception et r\u00e9alisation du site :Marinkovic Goran Responsable de la publication :MARINKOVIC GoranContact : [&hellip;]\" \/>\n<meta property=\"og:url\" content=\"http:\/\/www.electricien91.com\/index.php\/mentions-legales\/\" \/>\n<meta property=\"og:site_name\" content=\"Electricien 91\" \/>\n<meta property=\"article:modified_time\" content=\"2024-07-25T19:28:09+00:00\" \/>\n<meta property=\"og:image\" content=\"https:\/\/www.electricien91.com\/wp-content\/uploads\/2024\/07\/PAPA.jpg\" \/>\n\t<meta property=\"og:image:width\" content=\"202\" \/>\n\t<meta property=\"og:image:height\" content=\"181\" \/>\n\t<meta property=\"og:image:type\" content=\"image\/jpeg\" \/>\n<meta name=\"twitter:card\" content=\"summary_large_image\" \/>\n<meta name=\"twitter:label1\" content=\"Dur\u00e9e de lecture estim\u00e9e\" \/>\n\t<meta name=\"twitter:data1\" content=\"2 minutes\" \/>\n<script type=\"application\/ld+json\" class=\"yoast-schema-graph\">{\"@context\":\"https:\/\/schema.org\",\"@graph\":[{\"@type\":\"WebPage\",\"@id\":\"http:\/\/www.electricien91.com\/index.php\/mentions-legales\/\",\"url\":\"http:\/\/www.electricien91.com\/index.php\/mentions-legales\/\",\"name\":\"MENTIONS L\u00c9GALES - Electricien 91\",\"isPartOf\":{\"@id\":\"https:\/\/www.electricien91.com\/#website\"},\"datePublished\":\"2024-07-16T23:37:55+00:00\",\"dateModified\":\"2024-07-25T19:28:09+00:00\",\"breadcrumb\":{\"@id\":\"http:\/\/www.electricien91.com\/index.php\/mentions-legales\/#breadcrumb\"},\"inLanguage\":\"fr-FR\",\"potentialAction\":[{\"@type\":\"ReadAction\",\"target\":[\"http:\/\/www.electricien91.com\/index.php\/mentions-legales\/\"]}]},{\"@type\":\"BreadcrumbList\",\"@id\":\"http:\/\/www.electricien91.com\/index.php\/mentions-legales\/#breadcrumb\",\"itemListElement\":[{\"@type\":\"ListItem\",\"position\":1,\"name\":\"Accueil\",\"item\":\"https:\/\/www.electricien91.com\/\"},{\"@type\":\"ListItem\",\"position\":2,\"name\":\"MENTIONS L\u00c9GALES\"}]},{\"@type\":\"WebSite\",\"@id\":\"https:\/\/www.electricien91.com\/#website\",\"url\":\"https:\/\/www.electricien91.com\/\",\"name\":\"Electricien91\",\"description\":\"Le N\u00b01 des \u00c9lectriciens en Essonne !\",\"publisher\":{\"@id\":\"https:\/\/www.electricien91.com\/#\/schema\/person\/b606b525059f6098954539b06dae7ed9\"},\"potentialAction\":[{\"@type\":\"SearchAction\",\"target\":{\"@type\":\"EntryPoint\",\"urlTemplate\":\"https:\/\/www.electricien91.com\/?s={search_term_string}\"},\"query-input\":{\"@type\":\"PropertyValueSpecification\",\"valueRequired\":true,\"valueName\":\"search_term_string\"}}],\"inLanguage\":\"fr-FR\"},{\"@type\":[\"Person\",\"Organization\"],\"@id\":\"https:\/\/www.electricien91.com\/#\/schema\/person\/b606b525059f6098954539b06dae7ed9\",\"name\":\"GORAN MARINKOVIC\",\"image\":{\"@type\":\"ImageObject\",\"inLanguage\":\"fr-FR\",\"@id\":\"https:\/\/www.electricien91.com\/#\/schema\/person\/image\/\",\"url\":\"https:\/\/www.electricien91.com\/wp-content\/uploads\/2024\/07\/PAPA.jpg\",\"contentUrl\":\"https:\/\/www.electricien91.com\/wp-content\/uploads\/2024\/07\/PAPA.jpg\",\"width\":202,\"height\":181,\"caption\":\"GORAN MARINKOVIC\"},\"logo\":{\"@id\":\"https:\/\/www.electricien91.com\/#\/schema\/person\/image\/\"},\"sameAs\":[\"http:\/\/www.electricien91.com\"]}]}<\/script>\n<!-- \/ Yoast SEO plugin. -->","yoast_head_json":{"title":"MENTIONS L\u00c9GALES - Electricien 91","robots":{"index":"index","follow":"follow","max-snippet":"max-snippet:-1","max-image-preview":"max-image-preview:large","max-video-preview":"max-video-preview:-1"},"canonical":"http:\/\/www.electricien91.com\/index.php\/mentions-legales\/","og_locale":"fr_FR","og_type":"article","og_title":"MENTIONS L\u00c9GALES - Electricien 91","og_description":"Mentions L\u00e9gales Propri\u00e9taire du site :MARINKOVIC Goran, \u00c9lectricien artisanAdresse : 4 R\u00e9sidence e Bosquet 91940 LES ULIST\u00e9l\u00e9phone : 06 95 31 09 02Email : goran.adl.elec@gmail.com H\u00e9bergement du site :OVHAdresse : 2 rue Kellermann, 59100 Roubaix, FranceT\u00e9l\u00e9phone : 1007Site web : https:\/\/www.ovh.com Conception et r\u00e9alisation du site :Marinkovic Goran Responsable de la publication :MARINKOVIC GoranContact : [&hellip;]","og_url":"http:\/\/www.electricien91.com\/index.php\/mentions-legales\/","og_site_name":"Electricien 91","article_modified_time":"2024-07-25T19:28:09+00:00","og_image":[{"width":202,"height":181,"url":"https:\/\/www.electricien91.com\/wp-content\/uploads\/2024\/07\/PAPA.jpg","type":"image\/jpeg"}],"twitter_card":"summary_large_image","twitter_misc":{"Dur\u00e9e de lecture estim\u00e9e":"2 minutes"},"schema":{"@context":"https:\/\/schema.org","@graph":[{"@type":"WebPage","@id":"http:\/\/www.electricien91.com\/index.php\/mentions-legales\/","url":"http:\/\/www.electricien91.com\/index.php\/mentions-legales\/","name":"MENTIONS L\u00c9GALES - Electricien 91","isPartOf":{"@id":"https:\/\/www.electricien91.com\/#website"},"datePublished":"2024-07-16T23:37:55+00:00","dateModified":"2024-07-25T19:28:09+00:00","breadcrumb":{"@id":"http:\/\/www.electricien91.com\/index.php\/mentions-legales\/#breadcrumb"},"inLanguage":"fr-FR","potentialAction":[{"@type":"ReadAction","target":["http:\/\/www.electricien91.com\/index.php\/mentions-legales\/"]}]},{"@type":"BreadcrumbList","@id":"http:\/\/www.electricien91.com\/index.php\/mentions-legales\/#breadcrumb","itemListElement":[{"@type":"ListItem","position":1,"name":"Accueil","item":"https:\/\/www.electricien91.com\/"},{"@type":"ListItem","position":2,"name":"MENTIONS L\u00c9GALES"}]},{"@type":"WebSite","@id":"https:\/\/www.electricien91.com\/#website","url":"https:\/\/www.electricien91.com\/","name":"Electricien91","description":"Le N\u00b01 des \u00c9lectriciens en Essonne !","publisher":{"@id":"https:\/\/www.electricien91.com\/#\/schema\/person\/b606b525059f6098954539b06dae7ed9"},"potentialAction":[{"@type":"SearchAction","target":{"@type":"EntryPoint","urlTemplate":"https:\/\/www.electricien91.com\/?s={search_term_string}"},"query-input":{"@type":"PropertyValueSpecification","valueRequired":true,"valueName":"search_term_string"}}],"inLanguage":"fr-FR"},{"@type":["Person","Organization"],"@id":"https:\/\/www.electricien91.com\/#\/schema\/person\/b606b525059f6098954539b06dae7ed9","name":"GORAN MARINKOVIC","image":{"@type":"ImageObject","inLanguage":"fr-FR","@id":"https:\/\/www.electricien91.com\/#\/schema\/person\/image\/","url":"https:\/\/www.electricien91.com\/wp-content\/uploads\/2024\/07\/PAPA.jpg","contentUrl":"https:\/\/www.electricien91.com\/wp-content\/uploads\/2024\/07\/PAPA.jpg","width":202,"height":181,"caption":"GORAN MARINKOVIC"},"logo":{"@id":"https:\/\/www.electricien91.com\/#\/schema\/person\/image\/"},"sameAs":["http:\/\/www.electricien91.com"]}]}},"_links":{"self":[{"href":"https:\/\/www.electricien91.com\/index.php\/wp-json\/wp\/v2\/pages\/49","targetHints":{"allow":["GET"]}}],"collection":[{"href":"https:\/\/www.electricien91.com\/index.php\/wp-json\/wp\/v2\/pages"}],"about":[{"href":"https:\/\/www.electricien91.com\/index.php\/wp-json\/wp\/v2\/types\/page"}],"author":[{"embeddable":true,"href":"https:\/\/www.electricien91.com\/index.php\/wp-json\/wp\/v2\/users\/1"}],"replies":[{"embeddable":true,"href":"https:\/\/www.electricien91.com\/index.php\/wp-json\/wp\/v2\/comments?post=49"}],"version-history":[{"count":4,"href":"https:\/\/www.electricien91.com\/index.php\/wp-json\/wp\/v2\/pages\/49\/revisions"}],"predecessor-version":[{"id":203,"href":"https:\/\/www.electricien91.com\/index.php\/wp-json\/wp\/v2\/pages\/49\/revisions\/203"}],"wp:attachment":[{"href":"https:\/\/www.electricien91.com\/index.php\/wp-json\/wp\/v2\/media?parent=49"}],"curies":[{"name":"wp","href":"https:\/\/api.w.org\/{rel}","templated":true}]}}